{"id":2,"date":"2019-09-17T07:30:21","date_gmt":"2019-09-17T07:30:21","guid":{"rendered":"https:\/\/www.siimusic.com\/home\/?page_id=2"},"modified":"2019-10-17T15:00:00","modified_gmt":"2019-10-17T15:00:00","slug":"il-progetto","status":"publish","type":"page","link":"https:\/\/www.siimusic.com\/home\/il-progetto\/","title":{"rendered":"Il Progetto"},"content":{"rendered":"\n<p> <strong>SII MUSIC CREATIVITY CENTER<\/strong> \u00e8 un centro per il continuo miglioramento attraverso il Suono, la Musica, la Formazione, l&#8217; Arte, le discipline Olistiche Integrate, la Cultura, per lo sviluppo della Creativit\u00e0 e del Benessere in ogni campo della vita.<\/p>\n\n\n\n<p>Il <strong>SII <\/strong> <strong>SII MUSIC CREATIVITY CENTER<\/strong>  si impegna nella creazione di eventi formativi e corsi e\/o seminari sull&#8217; Ascolto, l&#8217;Arte, il Benessere, lo sviluppo della Creativit\u00e0,&nbsp; la Cultura, la Musica, avvalendosi anche delle scoperte scientifiche e filosofiche; si impegna inoltre a diffondere corsi di rilassamento e meditazione con anche il suono e la musica, il tutto per fare risaltare la bellezza in vari campi dell&#8217; essere e dell&#8217; esistenza verso una societ\u00e0 etica ed ecosostenibile.<\/p>\n\n\n\n<p><strong>SII MUSIC CREATIVITY CENTER<\/strong>&nbsp; si propone di collaborare anche a progetti etici ed ecosostenibili sul territorio Svizzero e anche all&#8217; Estero per valorizzare l&#8217; arte locale ed estera ( nel caso di collaborazioni estere ) in tutte le sue manifestazioni volte al miglioramento della qualit\u00e0 di vita e benessere di ogni essere umano,<br>che vedono nell&#8217; Arte, nella Musica la capacit\u00e0 di affinare le capacit\u00e0 d&#8217; Ascolto per uno sviluppo integrale ed ecosostenibile dell&#8217; essere umano e della societ\u00e0 in cui viviamo.<\/p>\n\n\n\n<p> <strong>SII MUSIC CREATIVITY CENTER<\/strong> &nbsp; nasce dall&#8217; aver sperimentato l&#8217; Arte della Musica e differenti Discipline Integrate per una crescita volta alla Bellezza e all&#8217; Armonia.&nbsp; Il progetto \u00e8&#8217; frutto di dati e consapevolezze acquisite in oltre 35 anni di studio sul suono e i suoi effetti.<\/p>\n\n\n\n<p> <strong>SII MUSIC CREATIVITY CENTER<\/strong>  Veicola il doppio CD\/metodo Creativo Intuitivo &#8211; &#8221; DOT &#8221; di\u00a0Nino\u00a0Ballerini, la metodologia integrata &#8221; Ascolto e Benessere &#8221; di Vanessa Canta, veicola l&#8217; esperienza di Ambra Albek sul violino di oltre 35 anni e la pluriennale esperienza sull&#8217; Apicoltura e &#8221; la Natura &#8221; , nonch\u00e9 vengono diffusi i progetti, concerti sia in Trio che solisti, seminari e ricerche The Power of Sound, Sound and Silence, Meditation and Sound. <\/p>\n\n\n\n<p><a href=\"https:\/\/www.siimusic.com\/home\/\"><br>ritorna in Home<\/a><\/p>\n\n\n\n<div style=\"height:24px\" aria-hidden=\"true\" class=\"wp-block-spacer\"><\/div>\n\n\n\n<div class=\"wp-block-image\"><figure class=\"aligncenter is-resized\"><img fetchpriority=\"high\" decoding=\"async\" src=\"https:\/\/www.siimusic.com\/home\/wp-content\/uploads\/2019\/03\/Logo-SI-12-bianco-1024x995.png\" alt=\"\" class=\"wp-image-1414\" width=\"231\" height=\"223\"\/><\/figure><\/div>\n\n\n\n<p><\/p>\n","protected":false},"excerpt":{"rendered":"<p>SII MUSIC CREATIVITY CENTER \u00e8 un centro per il continuo miglioramento attraverso il Suono, la Musica, la Formazione, l&#8217; Arte, le discipline Olistiche Integrate, la Cultura, per lo sviluppo della Creativit\u00e0 e del Benessere in ogni campo della vita. Il SII SII MUSIC CREATIVITY CENTER si impegna nella creazione di eventi formativi e corsi e\/o [&hellip;]<\/p>\n","protected":false},"author":1,"featured_media":0,"parent":0,"menu_order":0,"comment_status":"closed","ping_status":"open","template":"","meta":{"pmpro_default_level":"","footnotes":""},"class_list":["post-2","page","type-page","status-publish","hentry","pmpro-has-access"],"_links":{"self":[{"href":"https:\/\/www.siimusic.com\/home\/wp-json\/wp\/v2\/pages\/2","targetHints":{"allow":["GET"]}}],"collection":[{"href":"https:\/\/www.siimusic.com\/home\/wp-json\/wp\/v2\/pages"}],"about":[{"href":"https:\/\/www.siimusic.com\/home\/wp-json\/wp\/v2\/types\/page"}],"author":[{"embeddable":true,"href":"https:\/\/www.siimusic.com\/home\/wp-json\/wp\/v2\/users\/1"}],"replies":[{"embeddable":true,"href":"https:\/\/www.siimusic.com\/home\/wp-json\/wp\/v2\/comments?post=2"}],"version-history":[{"count":0,"href":"https:\/\/www.siimusic.com\/home\/wp-json\/wp\/v2\/pages\/2\/revisions"}],"wp:attachment":[{"href":"https:\/\/www.siimusic.com\/home\/wp-json\/wp\/v2\/media?parent=2"}],"curies":[{"name":"wp","href":"https:\/\/api.w.org\/{rel}","templated":true}]}}