{"id":1562,"date":"2019-12-24T10:40:42","date_gmt":"2019-12-24T10:40:42","guid":{"rendered":"https:\/\/www.siimusic.com\/home\/?page_id=1562"},"modified":"2019-12-24T10:49:47","modified_gmt":"2019-12-24T10:49:47","slug":"igt-project","status":"publish","type":"page","link":"https:\/\/www.siimusic.com\/home\/igt-project\/","title":{"rendered":"IGT PROJECT"},"content":{"rendered":"\n<p> Creativit\u00e0 : Pagina dedicata alla creativit\u00e0 prendendo spunto da differenti campi di indagine del quotidiano con spunti artistici, filosofici, scientifici insieme all&#8217; integrazione di concetti olistici a 360 Gradi, concetti meditativi per prendere spunti su se stessi e il mondo per innalzare la propria Creativit\u00e0 nel Quotidiano e sviluppate anche la Creativit\u00e0 nel campo Musicale e in tutti i campi della Vita per una societ\u00e0 ecosostenibile e migliore.<\/p>\n\n\n\n<p>\n\nINTERNATIONAL GUITAR TECHNOLOGY : vuole divulgare attraverso lo studio del suono la possibilit\u00e0 di nuove comprensioni e punti di vista diffondendo sistemi di idee ed esercizi utili per un miglioramento anche del proprio quotidiano. IGT \u00e8 un percorso in continuo divenire che veicola e si avvale del metodo Creativo Intuitivo DOT di Nino Ballerini ( ideatore di IGT ), della competenza nei seminari ed eventi di figure di eccellenza con ospiti di livello internazionale tra gli altri nel mondo della chitarra e composizione e&#8217; gi\u00e0 stato con noi il chitarrista compositore Maurizio Colonna.<\/p>\n\n\n\n<p>Vengono anche offerti seminari integrativi al percorso dove il musicista pu\u00f2 approcciarsi a 360* per un&#8217; immersione totale nel mondo musicale, tra gli altri nei seminari e concerti ha partecipato gi\u00e0 con noi il Sassofonista della Eletric Band di Chik Corea il grande ERICH Marienthal.<\/p>\n\n\n\n<p>INTERNATIONAL GUITAR TECHNOLOGY : sono percorsi che vogliono orientare alla bellezza all&#8217; armonia e allo sviluppo di una sana creativit\u00e0 che pu\u00f2 essere espressa grazie allo studio sullo strumento anche nella vita per portare con il suono, le scoperte artistiche, l&#8217; approccio olistico integrato, la meditazione, le scoperte filosofiche, scientifiche e la musica benessere in colui che suona e nel mondo attorno a se&#8217; per una societ\u00e0 migliore.<\/p>\n\n\n\n<p><a href=\"https:\/\/www.siimusic.com\/home\/\"><br>ritorna in Home<\/a> <\/p>\n\n\n\n<div style=\"height:26px\" aria-hidden=\"true\" class=\"wp-block-spacer\"><\/div>\n\n\n\n<figure class=\"wp-block-gallery aligncenter columns-3 is-cropped wp-block-gallery-1 is-layout-flex wp-block-gallery-is-layout-flex\"><ul class=\"blocks-gallery-grid\"><li class=\"blocks-gallery-item\"><figure><img fetchpriority=\"high\" decoding=\"async\" width=\"960\" height=\"556\" src=\"https:\/\/www.siimusic.com\/home\/wp-content\/uploads\/2019\/12\/IMG_0067.jpg\" alt=\"\" data-id=\"1563\" data-full-url=\"https:\/\/www.siimusic.com\/home\/wp-content\/uploads\/2019\/12\/IMG_0067.jpg\" data-link=\"https:\/\/www.siimusic.com\/home\/?attachment_id=1563\" class=\"wp-image-1563\" srcset=\"https:\/\/www.siimusic.com\/home\/wp-content\/uploads\/2019\/12\/IMG_0067.jpg 960w, https:\/\/www.siimusic.com\/home\/wp-content\/uploads\/2019\/12\/IMG_0067-470x272.jpg 470w, https:\/\/www.siimusic.com\/home\/wp-content\/uploads\/2019\/12\/IMG_0067-300x174.jpg 300w, https:\/\/www.siimusic.com\/home\/wp-content\/uploads\/2019\/12\/IMG_0067-768x445.jpg 768w\" sizes=\"(max-width: 960px) 100vw, 960px\" \/><\/figure><\/li><li class=\"blocks-gallery-item\"><figure><img decoding=\"async\" width=\"824\" height=\"458\" src=\"https:\/\/www.siimusic.com\/home\/wp-content\/uploads\/2019\/12\/IMG_0068.jpg\" alt=\"\" data-id=\"1564\" data-full-url=\"https:\/\/www.siimusic.com\/home\/wp-content\/uploads\/2019\/12\/IMG_0068.jpg\" data-link=\"https:\/\/www.siimusic.com\/home\/?attachment_id=1564\" class=\"wp-image-1564\" srcset=\"https:\/\/www.siimusic.com\/home\/wp-content\/uploads\/2019\/12\/IMG_0068.jpg 824w, https:\/\/www.siimusic.com\/home\/wp-content\/uploads\/2019\/12\/IMG_0068-470x261.jpg 470w, https:\/\/www.siimusic.com\/home\/wp-content\/uploads\/2019\/12\/IMG_0068-300x167.jpg 300w, https:\/\/www.siimusic.com\/home\/wp-content\/uploads\/2019\/12\/IMG_0068-768x427.jpg 768w\" sizes=\"(max-width: 824px) 100vw, 824px\" \/><\/figure><\/li><li class=\"blocks-gallery-item\"><figure><img decoding=\"async\" width=\"960\" height=\"720\" src=\"https:\/\/www.siimusic.com\/home\/wp-content\/uploads\/2019\/12\/IMG_0069.jpg\" alt=\"\" data-id=\"1565\" data-full-url=\"https:\/\/www.siimusic.com\/home\/wp-content\/uploads\/2019\/12\/IMG_0069.jpg\" data-link=\"https:\/\/www.siimusic.com\/home\/?attachment_id=1565\" class=\"wp-image-1565\" srcset=\"https:\/\/www.siimusic.com\/home\/wp-content\/uploads\/2019\/12\/IMG_0069.jpg 960w, https:\/\/www.siimusic.com\/home\/wp-content\/uploads\/2019\/12\/IMG_0069-470x353.jpg 470w, https:\/\/www.siimusic.com\/home\/wp-content\/uploads\/2019\/12\/IMG_0069-300x225.jpg 300w, https:\/\/www.siimusic.com\/home\/wp-content\/uploads\/2019\/12\/IMG_0069-768x576.jpg 768w\" sizes=\"(max-width: 960px) 100vw, 960px\" \/><\/figure><\/li><li class=\"blocks-gallery-item\"><figure><img loading=\"lazy\" decoding=\"async\" width=\"960\" height=\"720\" src=\"https:\/\/www.siimusic.com\/home\/wp-content\/uploads\/2019\/12\/IMG_0070.jpg\" alt=\"\" data-id=\"1566\" data-full-url=\"https:\/\/www.siimusic.com\/home\/wp-content\/uploads\/2019\/12\/IMG_0070.jpg\" data-link=\"https:\/\/www.siimusic.com\/home\/?attachment_id=1566\" class=\"wp-image-1566\" srcset=\"https:\/\/www.siimusic.com\/home\/wp-content\/uploads\/2019\/12\/IMG_0070.jpg 960w, https:\/\/www.siimusic.com\/home\/wp-content\/uploads\/2019\/12\/IMG_0070-470x353.jpg 470w, https:\/\/www.siimusic.com\/home\/wp-content\/uploads\/2019\/12\/IMG_0070-300x225.jpg 300w, https:\/\/www.siimusic.com\/home\/wp-content\/uploads\/2019\/12\/IMG_0070-768x576.jpg 768w\" sizes=\"(max-width: 960px) 100vw, 960px\" \/><\/figure><\/li><li class=\"blocks-gallery-item\"><figure><img loading=\"lazy\" decoding=\"async\" width=\"960\" height=\"720\" src=\"https:\/\/www.siimusic.com\/home\/wp-content\/uploads\/2019\/12\/IMG_0071.jpg\" alt=\"\" data-id=\"1567\" data-full-url=\"https:\/\/www.siimusic.com\/home\/wp-content\/uploads\/2019\/12\/IMG_0071.jpg\" data-link=\"https:\/\/www.siimusic.com\/home\/?attachment_id=1567\" class=\"wp-image-1567\" srcset=\"https:\/\/www.siimusic.com\/home\/wp-content\/uploads\/2019\/12\/IMG_0071.jpg 960w, https:\/\/www.siimusic.com\/home\/wp-content\/uploads\/2019\/12\/IMG_0071-470x353.jpg 470w, https:\/\/www.siimusic.com\/home\/wp-content\/uploads\/2019\/12\/IMG_0071-300x225.jpg 300w, https:\/\/www.siimusic.com\/home\/wp-content\/uploads\/2019\/12\/IMG_0071-768x576.jpg 768w\" sizes=\"(max-width: 960px) 100vw, 960px\" \/><\/figure><\/li><li class=\"blocks-gallery-item\"><figure><img loading=\"lazy\" decoding=\"async\" width=\"948\" height=\"768\" src=\"https:\/\/www.siimusic.com\/home\/wp-content\/uploads\/2019\/12\/IMG_0073.jpg\" alt=\"\" data-id=\"1569\" data-full-url=\"https:\/\/www.siimusic.com\/home\/wp-content\/uploads\/2019\/12\/IMG_0073.jpg\" data-link=\"https:\/\/www.siimusic.com\/home\/?attachment_id=1569\" class=\"wp-image-1569\" srcset=\"https:\/\/www.siimusic.com\/home\/wp-content\/uploads\/2019\/12\/IMG_0073.jpg 948w, https:\/\/www.siimusic.com\/home\/wp-content\/uploads\/2019\/12\/IMG_0073-470x381.jpg 470w, https:\/\/www.siimusic.com\/home\/wp-content\/uploads\/2019\/12\/IMG_0073-300x243.jpg 300w, https:\/\/www.siimusic.com\/home\/wp-content\/uploads\/2019\/12\/IMG_0073-768x622.jpg 768w\" sizes=\"(max-width: 948px) 100vw, 948px\" \/><\/figure><\/li><li class=\"blocks-gallery-item\"><figure><img loading=\"lazy\" decoding=\"async\" width=\"960\" height=\"449\" src=\"https:\/\/www.siimusic.com\/home\/wp-content\/uploads\/2019\/12\/IMG_0072.jpg\" alt=\"\" data-id=\"1568\" data-full-url=\"https:\/\/www.siimusic.com\/home\/wp-content\/uploads\/2019\/12\/IMG_0072.jpg\" data-link=\"https:\/\/www.siimusic.com\/home\/?attachment_id=1568\" class=\"wp-image-1568\" srcset=\"https:\/\/www.siimusic.com\/home\/wp-content\/uploads\/2019\/12\/IMG_0072.jpg 960w, https:\/\/www.siimusic.com\/home\/wp-content\/uploads\/2019\/12\/IMG_0072-470x220.jpg 470w, https:\/\/www.siimusic.com\/home\/wp-content\/uploads\/2019\/12\/IMG_0072-300x140.jpg 300w, https:\/\/www.siimusic.com\/home\/wp-content\/uploads\/2019\/12\/IMG_0072-768x359.jpg 768w\" sizes=\"(max-width: 960px) 100vw, 960px\" \/><\/figure><\/li><\/ul><\/figure>\n\n\n\n<figure class=\"wp-block-gallery aligncenter columns-3 is-cropped wp-block-gallery-2 is-layout-flex wp-block-gallery-is-layout-flex\"><ul class=\"blocks-gallery-grid\"><li class=\"blocks-gallery-item\"><figure><img loading=\"lazy\" decoding=\"async\" width=\"682\" height=\"1024\" src=\"https:\/\/www.siimusic.com\/home\/wp-content\/uploads\/2019\/12\/IMG_0717-682x1024.jpg\" alt=\"\" data-id=\"1571\" data-full-url=\"https:\/\/www.siimusic.com\/home\/wp-content\/uploads\/2019\/12\/IMG_0717.jpg\" data-link=\"https:\/\/www.siimusic.com\/home\/igt-project\/img_0717\/\" class=\"wp-image-1571\" srcset=\"https:\/\/www.siimusic.com\/home\/wp-content\/uploads\/2019\/12\/IMG_0717-682x1024.jpg 682w, https:\/\/www.siimusic.com\/home\/wp-content\/uploads\/2019\/12\/IMG_0717-470x705.jpg 470w, https:\/\/www.siimusic.com\/home\/wp-content\/uploads\/2019\/12\/IMG_0717-200x300.jpg 200w, https:\/\/www.siimusic.com\/home\/wp-content\/uploads\/2019\/12\/IMG_0717-768x1152.jpg 768w, https:\/\/www.siimusic.com\/home\/wp-content\/uploads\/2019\/12\/IMG_0717.jpg 853w\" sizes=\"(max-width: 682px) 100vw, 682px\" \/><\/figure><\/li><li class=\"blocks-gallery-item\"><figure><img loading=\"lazy\" decoding=\"async\" width=\"1024\" height=\"577\" src=\"https:\/\/www.siimusic.com\/home\/wp-content\/uploads\/2019\/12\/IMG_0723-1024x577.jpg\" alt=\"\" data-id=\"1572\" data-full-url=\"https:\/\/www.siimusic.com\/home\/wp-content\/uploads\/2019\/12\/IMG_0723.jpg\" data-link=\"https:\/\/www.siimusic.com\/home\/igt-project\/img_0723\/\" class=\"wp-image-1572\" srcset=\"https:\/\/www.siimusic.com\/home\/wp-content\/uploads\/2019\/12\/IMG_0723-1024x577.jpg 1024w, https:\/\/www.siimusic.com\/home\/wp-content\/uploads\/2019\/12\/IMG_0723-470x265.jpg 470w, https:\/\/www.siimusic.com\/home\/wp-content\/uploads\/2019\/12\/IMG_0723-300x169.jpg 300w, https:\/\/www.siimusic.com\/home\/wp-content\/uploads\/2019\/12\/IMG_0723-768x433.jpg 768w, https:\/\/www.siimusic.com\/home\/wp-content\/uploads\/2019\/12\/IMG_0723.jpg 1136w\" sizes=\"(max-width: 1024px) 100vw, 1024px\" \/><\/figure><\/li><li class=\"blocks-gallery-item\"><figure><img loading=\"lazy\" decoding=\"async\" width=\"1024\" height=\"768\" src=\"https:\/\/www.siimusic.com\/home\/wp-content\/uploads\/2019\/12\/IMG_7437-1024x768.jpg\" alt=\"\" data-id=\"1573\" data-full-url=\"https:\/\/www.siimusic.com\/home\/wp-content\/uploads\/2019\/12\/IMG_7437-scaled.jpg\" data-link=\"https:\/\/www.siimusic.com\/home\/igt-project\/img_7437\/\" class=\"wp-image-1573\" srcset=\"https:\/\/www.siimusic.com\/home\/wp-content\/uploads\/2019\/12\/IMG_7437-1024x768.jpg 1024w, https:\/\/www.siimusic.com\/home\/wp-content\/uploads\/2019\/12\/IMG_7437-scaled-470x353.jpg 470w, https:\/\/www.siimusic.com\/home\/wp-content\/uploads\/2019\/12\/IMG_7437-300x225.jpg 300w, https:\/\/www.siimusic.com\/home\/wp-content\/uploads\/2019\/12\/IMG_7437-768x576.jpg 768w, https:\/\/www.siimusic.com\/home\/wp-content\/uploads\/2019\/12\/IMG_7437-1536x1152.jpg 1536w, https:\/\/www.siimusic.com\/home\/wp-content\/uploads\/2019\/12\/IMG_7437-2048x1536.jpg 2048w\" sizes=\"(max-width: 1024px) 100vw, 1024px\" \/><\/figure><\/li><li class=\"blocks-gallery-item\"><figure><img loading=\"lazy\" decoding=\"async\" width=\"960\" height=\"720\" src=\"https:\/\/www.siimusic.com\/home\/wp-content\/uploads\/2019\/12\/PHOTO-2019-10-19-16-00-13.jpg\" alt=\"\" data-id=\"1574\" data-full-url=\"https:\/\/www.siimusic.com\/home\/wp-content\/uploads\/2019\/12\/PHOTO-2019-10-19-16-00-13.jpg\" data-link=\"https:\/\/www.siimusic.com\/home\/igt-project\/photo-2019-10-19-16-00-13\/\" class=\"wp-image-1574\" srcset=\"https:\/\/www.siimusic.com\/home\/wp-content\/uploads\/2019\/12\/PHOTO-2019-10-19-16-00-13.jpg 960w, https:\/\/www.siimusic.com\/home\/wp-content\/uploads\/2019\/12\/PHOTO-2019-10-19-16-00-13-470x353.jpg 470w, https:\/\/www.siimusic.com\/home\/wp-content\/uploads\/2019\/12\/PHOTO-2019-10-19-16-00-13-300x225.jpg 300w, https:\/\/www.siimusic.com\/home\/wp-content\/uploads\/2019\/12\/PHOTO-2019-10-19-16-00-13-768x576.jpg 768w\" sizes=\"(max-width: 960px) 100vw, 960px\" \/><\/figure><\/li><\/ul><\/figure>\n\n\n\n<p><a href=\"https:\/\/www.siimusic.com\/home\/\"><br>ritorna in Home<\/a><\/p>\n\n\n\n<p><\/p>\n","protected":false},"excerpt":{"rendered":"<p>Creativit\u00e0 : Pagina dedicata alla creativit\u00e0 prendendo spunto da differenti campi di indagine del quotidiano con spunti artistici, filosofici, scientifici insieme all&#8217; integrazione di concetti olistici a 360 Gradi, concetti meditativi per prendere spunti su se stessi e il mondo per innalzare la propria Creativit\u00e0 nel Quotidiano e sviluppate anche la Creativit\u00e0 nel campo Musicale [&hellip;]<\/p>\n","protected":false},"author":1,"featured_media":0,"parent":0,"menu_order":0,"comment_status":"closed","ping_status":"closed","template":"","meta":{"pmpro_default_level":"","footnotes":""},"class_list":["post-1562","page","type-page","status-publish","hentry","pmpro-has-access"],"_links":{"self":[{"href":"https:\/\/www.siimusic.com\/home\/wp-json\/wp\/v2\/pages\/1562","targetHints":{"allow":["GET"]}}],"collection":[{"href":"https:\/\/www.siimusic.com\/home\/wp-json\/wp\/v2\/pages"}],"about":[{"href":"https:\/\/www.siimusic.com\/home\/wp-json\/wp\/v2\/types\/page"}],"author":[{"embeddable":true,"href":"https:\/\/www.siimusic.com\/home\/wp-json\/wp\/v2\/users\/1"}],"replies":[{"embeddable":true,"href":"https:\/\/www.siimusic.com\/home\/wp-json\/wp\/v2\/comments?post=1562"}],"version-history":[{"count":0,"href":"https:\/\/www.siimusic.com\/home\/wp-json\/wp\/v2\/pages\/1562\/revisions"}],"wp:attachment":[{"href":"https:\/\/www.siimusic.com\/home\/wp-json\/wp\/v2\/media?parent=1562"}],"curies":[{"name":"wp","href":"https:\/\/api.w.org\/{rel}","templated":true}]}}