{"id":1462,"date":"2019-09-24T17:02:46","date_gmt":"2019-09-24T17:02:46","guid":{"rendered":"https:\/\/www.siimusic.com\/home\/?page_id=1462"},"modified":"2019-10-14T16:33:08","modified_gmt":"2019-10-14T16:33:08","slug":"creativita","status":"publish","type":"page","link":"https:\/\/www.siimusic.com\/home\/creativita\/","title":{"rendered":"CREATIVIT\u00c0"},"content":{"rendered":"\n<p> Creativit\u00e0 : Pagina dedicata alla creativit\u00e0 prendendo spunto da differenti campi di indagine del quotidiano con spunti artistici, filosofici, scientifici insieme all&#8217; integrazione di concetti olistici a 360 Gradi, concetti meditativi per prendere spunti su se stessi e il mondo per innalzare la propria Creativit\u00e0 nel Quotidiano e sviluppate anche la Creativit\u00e0 nel campo Musicale e in tutti i campi della Vita per una societ\u00e0 ecosostenibile e migliore.<\/p>\n\n\n\n<div style=\"height:26px\" aria-hidden=\"true\" class=\"wp-block-spacer\"><\/div>\n\n\n\n<div class=\"wp-block-image\"><figure class=\"aligncenter is-resized\"><img fetchpriority=\"high\" decoding=\"async\" src=\"https:\/\/www.siimusic.com\/home\/wp-content\/uploads\/2019\/09\/morning-energy-1024x682.jpg\" alt=\"Morning energy\" class=\"wp-image-1454\" width=\"583\" height=\"388\" srcset=\"https:\/\/www.siimusic.com\/home\/wp-content\/uploads\/2019\/09\/morning-energy-1024x682.jpg 1024w, https:\/\/www.siimusic.com\/home\/wp-content\/uploads\/2019\/09\/morning-energy-470x313.jpg 470w, https:\/\/www.siimusic.com\/home\/wp-content\/uploads\/2019\/09\/morning-energy-300x200.jpg 300w, https:\/\/www.siimusic.com\/home\/wp-content\/uploads\/2019\/09\/morning-energy-768x512.jpg 768w, https:\/\/www.siimusic.com\/home\/wp-content\/uploads\/2019\/09\/morning-energy.jpg 2000w\" sizes=\"(max-width: 583px) 100vw, 583px\" \/><\/figure><\/div>\n\n\n\n<p><a href=\"https:\/\/www.siimusic.com\/home\/\"><br>ritorna in Home<\/a><\/p>\n","protected":false},"excerpt":{"rendered":"<p>Creativit\u00e0 : Pagina dedicata alla creativit\u00e0 prendendo spunto da differenti campi di indagine del quotidiano con spunti artistici, filosofici, scientifici insieme all&#8217; integrazione di concetti olistici a 360 Gradi, concetti meditativi per prendere spunti su se stessi e il mondo per innalzare la propria Creativit\u00e0 nel Quotidiano e sviluppate anche la Creativit\u00e0 nel campo Musicale [&hellip;]<\/p>\n","protected":false},"author":1,"featured_media":0,"parent":0,"menu_order":0,"comment_status":"closed","ping_status":"closed","template":"","meta":{"pmpro_default_level":"","footnotes":""},"class_list":["post-1462","page","type-page","status-publish","hentry","pmpro-has-access"],"_links":{"self":[{"href":"https:\/\/www.siimusic.com\/home\/wp-json\/wp\/v2\/pages\/1462","targetHints":{"allow":["GET"]}}],"collection":[{"href":"https:\/\/www.siimusic.com\/home\/wp-json\/wp\/v2\/pages"}],"about":[{"href":"https:\/\/www.siimusic.com\/home\/wp-json\/wp\/v2\/types\/page"}],"author":[{"embeddable":true,"href":"https:\/\/www.siimusic.com\/home\/wp-json\/wp\/v2\/users\/1"}],"replies":[{"embeddable":true,"href":"https:\/\/www.siimusic.com\/home\/wp-json\/wp\/v2\/comments?post=1462"}],"version-history":[{"count":0,"href":"https:\/\/www.siimusic.com\/home\/wp-json\/wp\/v2\/pages\/1462\/revisions"}],"wp:attachment":[{"href":"https:\/\/www.siimusic.com\/home\/wp-json\/wp\/v2\/media?parent=1462"}],"curies":[{"name":"wp","href":"https:\/\/api.w.org\/{rel}","templated":true}]}}