{"id":1460,"date":"2019-09-24T16:47:37","date_gmt":"2019-09-24T16:47:37","guid":{"rendered":"https:\/\/www.siimusic.com\/home\/?page_id=1460"},"modified":"2019-10-14T16:33:00","modified_gmt":"2019-10-14T16:33:00","slug":"pnei","status":"publish","type":"page","link":"https:\/\/www.siimusic.com\/home\/pnei\/","title":{"rendered":"PNEI"},"content":{"rendered":"\n<h2 class=\"wp-block-heading\">PNEI-ASCOLTO E BENESSERE<\/h2>\n\n\n\n<p>&nbsp;&nbsp;ASCOLTO E BENESSERE rappresenta l&#8217;integrazione di pi\u00f9 conoscenze, che attraverso un viaggio che va dalla visione Scientifica, fino a quella olistica ed emozionale, \u00e8 in grado di accompagnare la persona che lo richiede a essere pi\u00f9 consapevole e a riportare Equilibrio e Benessere nella propria quotidianit\u00e0. Una visione circolare fatta di interconnessione delle discipline che ha l&#8217;unico scopo quello dell&#8217;orientamento dell&#8217;individuo nella direzione dell&#8217;Armonia del Corpo, della Mente e delle Emozioni.<\/p>\n\n\n\n<p>La Psiconeuroendocrinoimmunologia \u2013 P.N.E.I. \u2013 \u00e8 un inquadramento scientifico che permette di conoscere il funzionamento dell\u2019organismo umano. Non \u00e8 possibile comprendere le attivit\u00e0 dei diversi sottosistemi che compongono \u201cil sistema uomo\u201d tenendoli separati, perch\u00e9 essi sono in costante comunicazione tra loro e s\u2019influenzano reciprocamente. Studiare le emozioni, le aree celebrali implicate e le connessioni con la risposta immunitaria, soprattutto attraverso il sistema dello stress, gettano le basi scientifiche per superare definitivamente la contrapposizione tra mente e corpo.<\/p>\n\n\n\n<p>L\u2019analisi psicometrica integrata e la valutazione di alcuni specifici parametri immunologici e metabolici, chiariscono il ruolo dello stress e interpretano le possibili ricadute organiche di situazione di malessere psicologico e fisico.<\/p>\n\n\n\n<p>La nostra Operatrice Relazionale con Alta specializzazione in PSICONEUROENDOCRINOIMMUNOLOGIA( PNEI) e&nbsp;&nbsp;in Gestione dei Disturbi da Stress, Operatrice di Metamedicina ( Metodica di Claudia Rainville autrice del famoso libro &#8220;Ogni sintomo \u00e8 un messaggio&#8221;), Infermiera con Master in Management sanitario e Cantante;&nbsp;&nbsp;attraverso molteplici competenze e metodiche aiuta coloro che lo desiderano a comprendere schemi e credenze limitanti nella propria vita quotidiana accompagnando la persona alla risoluzione dei propri conflitti e a una nuova visione dei propri problemi sia emotivi che fisici riportando benessere, armonia ed equilibrio. A tutto ci\u00f2 si aggiungono anche tecniche di Meditazione, tecniche di Rilassamento, utilizzo Olistico della Voce e tecniche di energie risananti.&nbsp;<\/p>\n\n\n\n<p>Nel Centro SII si tengono Conferenze, Workshop e Seminari su tutte le tematiche sopra citate.<\/p>\n\n\n\n<p><em>NB: Tutto ci\u00f2 si propone come una integrazione alle figure ufficiali di riferimento e non intende sostituirsi ad alcuna di esse.<\/em><\/p>\n\n\n\n<p><a href=\"https:\/\/www.siimusic.com\/home\/\"><br>ritorna in Home<\/a><\/p>\n","protected":false},"excerpt":{"rendered":"<p>PNEI-ASCOLTO E BENESSERE &nbsp;&nbsp;ASCOLTO E BENESSERE rappresenta l&#8217;integrazione di pi\u00f9 conoscenze, che attraverso un viaggio che va dalla visione Scientifica, fino a quella olistica ed emozionale, \u00e8 in grado di accompagnare la persona che lo richiede a essere pi\u00f9 consapevole e a riportare Equilibrio e Benessere nella propria quotidianit\u00e0. Una visione circolare fatta di interconnessione [&hellip;]<\/p>\n","protected":false},"author":1,"featured_media":0,"parent":0,"menu_order":0,"comment_status":"closed","ping_status":"closed","template":"","meta":{"pmpro_default_level":"","footnotes":""},"class_list":["post-1460","page","type-page","status-publish","hentry","pmpro-has-access"],"_links":{"self":[{"href":"https:\/\/www.siimusic.com\/home\/wp-json\/wp\/v2\/pages\/1460","targetHints":{"allow":["GET"]}}],"collection":[{"href":"https:\/\/www.siimusic.com\/home\/wp-json\/wp\/v2\/pages"}],"about":[{"href":"https:\/\/www.siimusic.com\/home\/wp-json\/wp\/v2\/types\/page"}],"author":[{"embeddable":true,"href":"https:\/\/www.siimusic.com\/home\/wp-json\/wp\/v2\/users\/1"}],"replies":[{"embeddable":true,"href":"https:\/\/www.siimusic.com\/home\/wp-json\/wp\/v2\/comments?post=1460"}],"version-history":[{"count":0,"href":"https:\/\/www.siimusic.com\/home\/wp-json\/wp\/v2\/pages\/1460\/revisions"}],"wp:attachment":[{"href":"https:\/\/www.siimusic.com\/home\/wp-json\/wp\/v2\/media?parent=1460"}],"curies":[{"name":"wp","href":"https:\/\/api.w.org\/{rel}","templated":true}]}}